{"id":4057,"date":"2020-11-30T13:35:24","date_gmt":"2020-11-30T18:35:24","guid":{"rendered":"https:\/\/5sensesinn.ca\/?page_id=4057"},"modified":"2021-12-20T13:02:26","modified_gmt":"2021-12-20T18:02:26","slug":"rechtliches","status":"publish","type":"page","link":"https:\/\/45stepsinn.ca\/de\/rechtliches\/","title":{"rendered":"Rechtliches"},"content":{"rendered":"\t\t<div data-elementor-type=\"wp-page\" data-elementor-id=\"4057\" class=\"elementor elementor-4057\" data-elementor-post-type=\"page\">\n\t\t\t\t\t\t<section class=\"elementor-section elementor-top-section elementor-element elementor-element-8f130bf elementor-section-full_width elementor-section-height-default elementor-section-height-default\" data-id=\"8f130bf\" data-element_type=\"section\" data-e-type=\"section\" data-settings=\"{&quot;jet_parallax_layout_list&quot;:[{&quot;jet_parallax_layout_image&quot;:{&quot;url&quot;:&quot;&quot;,&quot;id&quot;:&quot;&quot;,&quot;size&quot;:&quot;&quot;},&quot;_id&quot;:&quot;76be713&quot;,&quot;jet_parallax_layout_image_tablet&quot;:{&quot;url&quot;:&quot;&quot;,&quot;id&quot;:&quot;&quot;,&quot;size&quot;:&quot;&quot;},&quot;jet_parallax_layout_image_mobile&quot;:{&quot;url&quot;:&quot;&quot;,&quot;id&quot;:&quot;&quot;,&quot;size&quot;:&quot;&quot;},&quot;jet_parallax_layout_speed&quot;:{&quot;unit&quot;:&quot;%&quot;,&quot;size&quot;:50,&quot;sizes&quot;:[]},&quot;jet_parallax_layout_type&quot;:&quot;scroll&quot;,&quot;jet_parallax_layout_direction&quot;:&quot;1&quot;,&quot;jet_parallax_layout_fx_direction&quot;:null,&quot;jet_parallax_layout_z_index&quot;:&quot;&quot;,&quot;jet_parallax_layout_bg_x&quot;:50,&quot;jet_parallax_layout_bg_x_tablet&quot;:&quot;&quot;,&quot;jet_parallax_layout_bg_x_mobile&quot;:&quot;&quot;,&quot;jet_parallax_layout_bg_y&quot;:50,&quot;jet_parallax_layout_bg_y_tablet&quot;:&quot;&quot;,&quot;jet_parallax_layout_bg_y_mobile&quot;:&quot;&quot;,&quot;jet_parallax_layout_bg_size&quot;:&quot;auto&quot;,&quot;jet_parallax_layout_bg_size_tablet&quot;:&quot;&quot;,&quot;jet_parallax_layout_bg_size_mobile&quot;:&quot;&quot;,&quot;jet_parallax_layout_animation_prop&quot;:&quot;transform&quot;,&quot;jet_parallax_layout_on&quot;:[&quot;desktop&quot;,&quot;tablet&quot;]}],&quot;background_background&quot;:&quot;classic&quot;}\">\n\t\t\t\t\t\t<div class=\"elementor-container elementor-column-gap-default\">\n\t\t\t\t\t<div class=\"elementor-column elementor-col-100 elementor-top-column elementor-element elementor-element-f4574b5\" data-id=\"f4574b5\" data-element_type=\"column\" data-e-type=\"column\">\n\t\t\t<div class=\"elementor-widget-wrap elementor-element-populated\">\n\t\t\t\t\t\t<section class=\"elementor-section elementor-inner-section elementor-element elementor-element-688dd9f elementor-section-boxed elementor-section-height-default elementor-section-height-default\" data-id=\"688dd9f\" data-element_type=\"section\" data-e-type=\"section\" data-settings=\"{&quot;jet_parallax_layout_list&quot;:[{&quot;jet_parallax_layout_image&quot;:{&quot;url&quot;:&quot;&quot;,&quot;id&quot;:&quot;&quot;,&quot;size&quot;:&quot;&quot;},&quot;_id&quot;:&quot;4bbb519&quot;,&quot;jet_parallax_layout_image_tablet&quot;:{&quot;url&quot;:&quot;&quot;,&quot;id&quot;:&quot;&quot;,&quot;size&quot;:&quot;&quot;},&quot;jet_parallax_layout_image_mobile&quot;:{&quot;url&quot;:&quot;&quot;,&quot;id&quot;:&quot;&quot;,&quot;size&quot;:&quot;&quot;},&quot;jet_parallax_layout_speed&quot;:{&quot;unit&quot;:&quot;%&quot;,&quot;size&quot;:50,&quot;sizes&quot;:[]},&quot;jet_parallax_layout_type&quot;:&quot;scroll&quot;,&quot;jet_parallax_layout_direction&quot;:&quot;1&quot;,&quot;jet_parallax_layout_fx_direction&quot;:null,&quot;jet_parallax_layout_z_index&quot;:&quot;&quot;,&quot;jet_parallax_layout_bg_x&quot;:50,&quot;jet_parallax_layout_bg_x_tablet&quot;:&quot;&quot;,&quot;jet_parallax_layout_bg_x_mobile&quot;:&quot;&quot;,&quot;jet_parallax_layout_bg_y&quot;:50,&quot;jet_parallax_layout_bg_y_tablet&quot;:&quot;&quot;,&quot;jet_parallax_layout_bg_y_mobile&quot;:&quot;&quot;,&quot;jet_parallax_layout_bg_size&quot;:&quot;auto&quot;,&quot;jet_parallax_layout_bg_size_tablet&quot;:&quot;&quot;,&quot;jet_parallax_layout_bg_size_mobile&quot;:&quot;&quot;,&quot;jet_parallax_layout_animation_prop&quot;:&quot;transform&quot;,&quot;jet_parallax_layout_on&quot;:[&quot;desktop&quot;,&quot;tablet&quot;]}]}\">\n\t\t\t\t\t\t<div class=\"elementor-container elementor-column-gap-no\">\n\t\t\t\t\t<div class=\"elementor-column elementor-col-100 elementor-inner-column elementor-element elementor-element-205f9ba\" data-id=\"205f9ba\" data-element_type=\"column\" data-e-type=\"column\">\n\t\t\t<div class=\"elementor-widget-wrap elementor-element-populated\">\n\t\t\t\t\t\t<div class=\"elementor-element elementor-element-d42fb92 elementor-widget elementor-widget-heading\" data-id=\"d42fb92\" data-element_type=\"widget\" data-e-type=\"widget\" data-widget_type=\"heading.default\">\n\t\t\t\t<div class=\"elementor-widget-container\">\n\t\t\t\t\t<h2 class=\"elementor-heading-title elementor-size-default\">Rechtliches<\/h2>\t\t\t\t<\/div>\n\t\t\t\t<\/div>\n\t\t\t\t\t<\/div>\n\t\t<\/div>\n\t\t\t\t\t<\/div>\n\t\t<\/section>\n\t\t\t\t\t<\/div>\n\t\t<\/div>\n\t\t\t\t\t<\/div>\n\t\t<\/section>\n\t\t\t\t<section class=\"elementor-section elementor-top-section elementor-element elementor-element-3f90abe elementor-section-content-middle elementor-section-boxed elementor-section-height-default elementor-section-height-default\" data-id=\"3f90abe\" data-element_type=\"section\" data-e-type=\"section\" data-settings=\"{&quot;background_background&quot;:&quot;classic&quot;,&quot;jet_parallax_layout_list&quot;:[{&quot;_id&quot;:&quot;f8ebafe&quot;,&quot;jet_parallax_layout_image&quot;:{&quot;url&quot;:&quot;&quot;,&quot;id&quot;:&quot;&quot;,&quot;size&quot;:&quot;&quot;},&quot;jet_parallax_layout_image_tablet&quot;:{&quot;url&quot;:&quot;&quot;,&quot;id&quot;:&quot;&quot;,&quot;size&quot;:&quot;&quot;},&quot;jet_parallax_layout_image_mobile&quot;:{&quot;url&quot;:&quot;&quot;,&quot;id&quot;:&quot;&quot;,&quot;size&quot;:&quot;&quot;},&quot;jet_parallax_layout_speed&quot;:{&quot;unit&quot;:&quot;%&quot;,&quot;size&quot;:50,&quot;sizes&quot;:[]},&quot;jet_parallax_layout_type&quot;:&quot;scroll&quot;,&quot;jet_parallax_layout_direction&quot;:&quot;1&quot;,&quot;jet_parallax_layout_fx_direction&quot;:null,&quot;jet_parallax_layout_z_index&quot;:&quot;&quot;,&quot;jet_parallax_layout_bg_x&quot;:50,&quot;jet_parallax_layout_bg_x_tablet&quot;:&quot;&quot;,&quot;jet_parallax_layout_bg_x_mobile&quot;:&quot;&quot;,&quot;jet_parallax_layout_bg_y&quot;:50,&quot;jet_parallax_layout_bg_y_tablet&quot;:&quot;&quot;,&quot;jet_parallax_layout_bg_y_mobile&quot;:&quot;&quot;,&quot;jet_parallax_layout_bg_size&quot;:&quot;auto&quot;,&quot;jet_parallax_layout_bg_size_tablet&quot;:&quot;&quot;,&quot;jet_parallax_layout_bg_size_mobile&quot;:&quot;&quot;,&quot;jet_parallax_layout_animation_prop&quot;:&quot;transform&quot;,&quot;jet_parallax_layout_on&quot;:[&quot;desktop&quot;,&quot;tablet&quot;]}]}\">\n\t\t\t\t\t\t<div class=\"elementor-container elementor-column-gap-no\">\n\t\t\t\t\t<div class=\"elementor-column elementor-col-100 elementor-top-column elementor-element elementor-element-9157c49\" data-id=\"9157c49\" data-element_type=\"column\" data-e-type=\"column\">\n\t\t\t<div class=\"elementor-widget-wrap elementor-element-populated\">\n\t\t\t\t\t\t<div class=\"elementor-element elementor-element-3ac0f90 elementor-widget elementor-widget-text-editor\" data-id=\"3ac0f90\" data-element_type=\"widget\" data-e-type=\"widget\" data-widget_type=\"text-editor.default\">\n\t\t\t\t<div class=\"elementor-widget-container\">\n\t\t\t\t\t\t\t\t\t<p>Ihre Privatsph\u00e4re ist uns sehr wichtig. Um Ihre Privatsph\u00e4re besser zu sch\u00fctzen, stellt 45 Steps &#8211; The Culinary Beachside Inn diesen Hinweis zur Verf\u00fcgung, der die Online-Informationspraktiken und die Wahlm\u00f6glichkeiten erl\u00e4utert, die Sie hinsichtlich der Art und Weise haben, wie Ihre Daten gesammelt und verwendet werden.<\/p><p>Das Hauptziel von 45 Steps &#8211; The Culinary Beachside Inn bei der Erfassung von Informationen ist die Bereitstellung und Verbesserung seiner Produkte und Dienstleistungen. Diese Datenschutzrichtlinie beschreibt, wie 45 Steps &#8211; The Culinary Beachside Inn mit Informationen umgeht, die es im Zusammenhang mit Ihrer Nutzung der Website sammelt und erh\u00e4lt. Diese Datenschutzrichtlinie gilt f\u00fcr alle Informationen, die auf der Website gesammelt oder \u00fcbermittelt werden.<\/p><p>45 Steps &#8211; The Culinary Beachside Inn verpflichtet sich, die Privatsph\u00e4re der Besucher und Kunden der Website zu sch\u00fctzen. Die Website verwendet Sicherheitsma\u00dfnahmen zum Schutz vor Verlust, Missbrauch und Ver\u00e4nderung der Informationen, die unter der Kontrolle von 45 Steps &#8211; The Culinary Beachside Inn stehen. Wir speichern die Informationen in einer Datenbank in einer sicheren Umgebung. Um unbefugten Zugriff zu verhindern, die Datengenauigkeit zu erhalten und die korrekte Verwendung der Informationen zu gew\u00e4hrleisten, hat 45 Steps &#8211; The Culinary Beachside Inn angemessene physische, elektronische und verwaltungstechnische Verfahren zum Schutz und zur Sicherung der online gesammelten Informationen eingerichtet.<\/p><p>45 Steps &#8211; The Culinary Beachside Inn sammelt Informationen, wenn Sie die Website nutzen und darauf zugreifen. Zu den gesammelten Informationen geh\u00f6ren pers\u00f6nliche Informationen, Kontaktdaten und Nachrichtendaten und Verkehrsdaten (zusammenfassend als &#8222;Kundeninformationen&#8220; bezeichnet). &#8222;Pers\u00f6nliche Daten&#8220; sind Informationen \u00fcber Sie, die pers\u00f6nlich identifizierbar sind, wie Ihr Name, Ihre Adresse, Ihre E-Mail-Adresse, Passw\u00f6rter, Privat- und Gesch\u00e4ftsadressen, Telefonnummern und Informationen, die nicht anderweitig \u00f6ffentlich zug\u00e4nglich sind. &#8222;Kontaktdaten&#8220; sind von Ihnen entwickelte Kontaktinformationen, die Sie 45 Steps &#8211; The Culinary Beachside Inn zur Verf\u00fcgung stellen, um Ihre Nutzung von Produkten und Dienstleistungen zu verbessern. &#8222;Nachrichtendaten&#8220; sind die \u00fcber die Dienste von 45 Steps &#8211; The Culinary Beachside Inn gesendeten und empfangenen Nachrichten, Informationen \u00fcber diese Nachrichten und Ihre Kontoaktivit\u00e4t, wie z. B. Login-Zeiten und Speicherkapazit\u00e4t f\u00fcr Nachrichten. &#8222;Verkehrsdaten&#8220; sind anonyme Informationen \u00fcber die Art Ihrer Nutzung der Website und der Produkte und Dienstleistungen und k\u00f6nnen Folgendes umfassen: IP-Adressen, Domain-Server, Verweis-\/Ausgangsseiten, Betriebssystem, Datums-\/Zeitstempel, Clickstream-Daten, Art des Computers oder Mobiltelefons, Art des Webbrowsers, ein oder mehrere Cookies, die Ihren Browser identifizieren, und Informationen \u00fcber Telekommunikationsanbieter. 45 Steps &#8211; The Culinary Beachside Inn kann jedoch nicht f\u00fcr die Sicherheit von pers\u00f6nlichen Informationen garantieren, die im Internet zug\u00e4nglich sind oder \u00fcber das Internet \u00fcbertragen werden.<\/p><p>45 Steps &#8211; The Culinary Beachside Inn verwendet Kundeninformationen, um Ihre Nutzung der Dienste zu verbessern, indem solche Informationen f\u00fcr verschiedene Zwecke verarbeitet werden, einschlie\u00dflich der Bereitstellung von Informationen \u00fcber Produkte und Dienstleistungen, der Formatierung und Anzeige von Elementen der Kontakt- und Nachrichtendaten f\u00fcr Sie und f\u00fcr diejenigen, denen Sie Nachrichten senden, der Bereitstellung von Werbung und zugeh\u00f6rigen Links, der Speicherung Ihrer Nachrichten und anderen Zwecken im Zusammenhang mit dem Angebot von Produkten und Dienstleistungen. 45 Steps &#8211; The Culinary Beachside Inn verwendet nicht-identifizierende und zusammengefasste Informationen, um die Website besser zu gestalten und um sie mit Werbetreibenden Partnerunternehmen und Sponsoren zu teilen.<\/p><p>45 Steps &#8211; The Culinary Beachside Inn kann Dritte damit beauftragen, Funktionen in unserem Namen auszuf\u00fchren, wie z. B. das Versenden von Newslettern, das Versenden von angeforderter Post, E-Mail- und SMS-Kommunikation, das Analysieren und Verarbeiten von Daten und die Bereitstellung von Kundendienst. 45 Steps &#8211; The Culinary Beachside Inn verlangt, dass diese Parteien sich verpflichten, solche Informationen vertraulich und in \u00dcbereinstimmung mit dieser Datenschutzrichtlinie und anderen geeigneten Vertraulichkeits- und Sicherheitsma\u00dfnahmen zu verwenden. Diese Dritten k\u00f6nnen Zugang zu pers\u00f6nlichen Informationen haben, die zur Erf\u00fcllung ihrer Aufgaben ben\u00f6tigt werden, aber 45 Steps &#8211; The Culinary Beachside Inn wird sie nicht erm\u00e4chtigen, diese f\u00fcr andere Zwecke zu verwenden.<\/p><p>45 Steps &#8211; The Culinary Beachside Inn gibt keine pers\u00f6nlichen Informationen an Dritte weiter, es sei denn, eine oder mehrere der folgenden Bedingungen sind erf\u00fcllt:<\/p><ul><li>45 Steps &#8211; The Culinary Beachside Inn hat die Erlaubnis der Person zur Weitergabe;<\/li><li>Die Weitergabe ist gesetzlich oder aufgrund verbindlicher beruflicher Standards zul\u00e4ssig;<\/li><li>Die Offenlegung steht in angemessenem Zusammenhang mit dem Verkauf oder einer anderen Ver\u00e4u\u00dferung des gesamten oder eines Teils des Gesch\u00e4fts oder der Verm\u00f6genswerte von 45 Steps &#8211; The Culinary Beachside Inn oder in Verbindung mit einer Unternehmensfusion, -konsolidierung oder einer anderen Unternehmensumstrukturierung;<\/li><li>Die weiterzugebenden personenbezogenen Daten sind \u00f6ffentlich zug\u00e4nglich;<\/li><li>Die Partei, an die die Offenlegung erfolgt, kontrolliert 45 Steps &#8211; The Culinary Beachside Inn, wird von ihm kontrolliert oder steht unter gemeinsamer Kontrolle mit ihm. Die Weitergabe ist f\u00fcr die Begr\u00fcndung oder Aufrechterhaltung von Rechtsanspr\u00fcchen erforderlich;<\/li><li>Die Weitergabe erfolgt an Personen oder Einrichtungen, f\u00fcr die 45 Steps &#8211; The Culinary Beachside Inn Dienstleistungen erbringt oder empf\u00e4ngt, vorausgesetzt, die Weitergabe steht im Einklang mit dem Zweck, f\u00fcr den die personenbezogenen Daten erhoben wurden;<\/li><li>45 Steps &#8211; The Culinary Beachside Inn kann bestimmte zusammengefasste, nicht-personenbezogene Informationen und Verkehrsdaten an Dritte weitergeben, aber solche Informationen werden Sie nicht individuell identifizieren;<\/li><li>45 Steps &#8211; The Culinary Beachside Inn kann Kundeninformationen weitergeben, wenn dies gesetzlich vorgeschrieben ist oder auf Anfrage von Regierungsbeh\u00f6rden, die Untersuchungen durchf\u00fchren.<\/li><\/ul><p>45 Steps &#8211; The Culinary Beachside Inn kann Ihre Kundeninformationen an Dritte weitergeben, wenn Sie zugestimmt haben, Informationen von diesem Dritten durch die Registrierung bei einer Co-Branding-Version des 45 Steps &#8211; The Culinary Beachside Inn-Dienstes, die mit einem Dritten betrieben wird, oder durch ein Kommunikations- oder Werbeprogramm eines Dritten, das durch den 45 Steps &#8211; The Culinary Beachside Inn-Dienst erm\u00f6glicht wird, zu erhalten. Solche Dritte werden solche Benutzerinformationen in \u00dcbereinstimmung mit den Bedingungen ihrer Vereinbarungen mit Ihnen, falls vorhanden, sowie mit ihren eigenen Datenschutzrichtlinien behandeln, speichern, aufbewahren und darauf zugreifen. Es liegt in Ihrer Verantwortung, solche Vereinbarungen und Datenschutzrichtlinien sorgf\u00e4ltig zu pr\u00fcfen. Sie erkennen an, dass 45 Steps &#8211; The Culinary Beachside Inn Ihnen gegen\u00fcber keine Haftung f\u00fcr die Weitergabe solcher Informationen an Dritte \u00fcbernimmt und 45 Steps &#8211; The Culinary Beachside Inn lehnt jegliche Haftung in diesem Zusammenhang ab.<\/p><p>Wenn 45 Steps &#8211; The Culinary Beachside Inn pers\u00f6nliche Daten f\u00fcr andere Zwecke als die in dieser Datenschutzrichtlinie beschriebenen verwenden m\u00f6chte, wird 45 Steps &#8211; The Culinary Beachside Inn Ihnen die M\u00f6glichkeit bieten, die Verwendung Ihrer pers\u00f6nlichen Daten f\u00fcr diese anderen Zwecke abzulehnen.<\/p><p>Wenn Sie eine Reservierung vornehmen, werden Sie zu einer von cloudbeds.com (Arbitrage Inc.) betriebenen, propriet\u00e4ren Website-Buchungsmaschine eines Drittanbieters weitergeleitet. Bitte beachten Sie deren detaillierte Datenschutz- und Sicherheitsrichtlinien, die auf der Reservierungsseite ver\u00f6ffentlicht sind.<\/p><p>Wenn Sie die Website besuchen, kann 45 Steps &#8211; The Culinary Beachside Inn Cookies an Ihren Computer senden, die Ihren Browser eindeutig identifizieren. 45 Steps &#8211; The Culinary Beachside Inn verwendet Cookies, um die Qualit\u00e4t des 45 Steps &#8211; The Culinary Beachside Inn, Service zu verbessern, indem es Benutzerpr\u00e4ferenzen speichert und Nutzungsinformationen verfolgt. Das Cookie gibt zu keinem Zeitpunkt Ihren Namen, Ihre Adresse oder E-Mail-Adresse preis (selbst wenn Sie diese Informationen in bestimmten Bereichen der Website eingegeben haben). Bei den meisten Browsern k\u00f6nnen Sie Cookies deaktivieren oder Ihren Browser so einstellen, dass er Sie warnt, wenn Cookies an Ihren Computer gesendet werden. Wenn Sie Cookies ablehnen oder deaktivieren, k\u00f6nnen Sie m\u00f6glicherweise bestimmte Produkte und Dienstleistungen von 45 Steps &#8211; The Culinary Beachside Inn nicht nutzen oder nicht auf alle Bereiche der Website zugreifen.<\/p><p>45 Steps &#8211; The Culinary Beachside Inn beschr\u00e4nkt den Zugang zu Kundeninformationen auf die Mitarbeiter von 45 Steps &#8211; The Culinary Beachside Inn, die mit diesen Informationen in Kontakt kommen m\u00fcssen, um Ihnen Produkte oder Dienstleistungen anzubieten oder um ihre Arbeit zu erledigen. 45 Steps &#8211; The Culinary Beachside Inn verf\u00fcgt \u00fcber physische, elektronische und verfahrenstechnische Sicherheitsvorkehrungen, um den Verlust, den Missbrauch und die Ver\u00e4nderung der Kundeninformationen unter seiner Kontrolle zu sch\u00fctzen. Kundeninformationen, die 45 Steps &#8211; The Culinary Beachside Inn sammelt, werden in einer sicheren Art und Weise gespeichert, auf die nur autorisiertes Personal von 45 Steps &#8211; The Culinary Beachside Inn Zugriff hat, und werden nur gem\u00e4\u00df den Bestimmungen dieser Datenschutzrichtlinie offengelegt.<\/p><p>Als Annehmlichkeit f\u00fcr Sie kann 45 Steps &#8211; The Culinary Beachside Inn Links zu Websites von Dritten innerhalb der 45 Steps &#8211; The Culinary Beachside Inn Website oder 45 Steps &#8211; The Culinary Beachside Inn Produkten oder Dienstleistungen anbieten. 45 Steps &#8211; The Culinary Beachside Inn ist nicht verantwortlich f\u00fcr die Datenschutzpraktiken oder den Inhalt dieser Websites Dritter.<\/p><p>45 Steps &#8211; The Culinary Beachside Inn beh\u00e4lt sich das Recht vor, nach eigenem Ermessen diese Datenschutzrichtlinie jederzeit zu \u00e4ndern, zu aktualisieren oder zu modifizieren, indem solche \u00c4nderungen, Aktualisierungen oder Modifikationen auf der Website ver\u00f6ffentlicht werden. Jede derartige \u00c4nderung, Aktualisierung oder Modifikation tritt unmittelbar nach Ver\u00f6ffentlichung auf der Website in Kraft und wird Ihnen, falls dies nach geltendem Recht erforderlich ist, \u00fcber den 45 Steps &#8211; The Culinary Beachside Inn-Service mitgeteilt.<\/p><p>Bitte \u00fcberpr\u00fcfen Sie diese Richtlinie regelm\u00e4\u00dfig auf \u00c4nderungen. Die erneute Nutzung der Website und\/oder jeglicher Produkte und Dienstleistungen von 45 Steps &#8211; The Culinary Beachside Inn nach der Ver\u00f6ffentlichung von \u00c4nderungen bedeutet, dass Sie diese \u00c4nderungen akzeptieren. Die Verwendung von Informationen, die 45 Steps &#8211; The Culinary Beachside Inn sammelt, unterliegt der Datenschutzrichtlinie, die zum Zeitpunkt der Verwendung g\u00fcltig ist.<\/p><p>Wenn Sie feststellen, dass die pers\u00f6nlichen Daten, die 45 Steps &#8211; The Culinary Beachside Inn \u00fcber Sie speichert, nicht korrekt sind, oder wenn Sie Ihre pers\u00f6nlichen Daten aktualisieren oder \u00fcberpr\u00fcfen m\u00f6chten, k\u00f6nnen Sie 45 Steps &#8211; The Culinary Beachside Inn \u00fcber die unten stehenden Kontaktinformationen kontaktieren. Wenn Sie Fragen oder Anmerkungen zu dieser Datenschutzrichtlinie oder zu den Praktiken von 45 Steps &#8211; The Culinary Beachside Inn bei der Datenerfassung haben, wenden Sie sich bitte per E-Mail an <a href=\"mailto:info@45stepsinn.ca\">info@45stepsinn.ca<\/a>.<\/p><p><strong>Keine ungesetzliche oder unzul\u00e4ssige Nutzung<br \/><\/strong>Als Bedingung f\u00fcr die Nutzung dieser Website garantieren Sie 12668181 Canada Inc., dass Sie diese Website nicht f\u00fcr einen Zweck nutzen, der ungesetzlich oder durch diese Bedingungen und Hinweise verboten ist. Obwohl 12668181 Canada Inc. von Zeit zu Zeit Diskussionen, Chats, Postings, Bulletin Boards und \u00e4hnliches auf dieser Website \u00fcberwachen oder \u00fcberpr\u00fcfen kann, ist 12668181 Canada Inc. nicht verpflichtet, dies zu tun und \u00fcbernimmt keine Verantwortung oder Haftung, die aus dem Inhalt entsteht.<\/p><p><strong>Ausschluss der Haftung<br \/><\/strong>In keinem Fall haftet 12668181 Canada Inc. f\u00fcr irgendwelche Sch\u00e4den, einschlie\u00dflich, aber nicht beschr\u00e4nkt auf direkte oder indirekte Informationen oder Angaben die in Verbindung mit dieser Website, mit auf dieser Website verf\u00fcgbaren Software-Algorithmen oder mit einer verlinkten Website in Verbindung stehen. 12668181 Canada Inc. ist nicht haftbar f\u00fcr die Nutzung dieser oder verlinkter Websites und draus resultierenden, m\u00f6glichen Unterbrechungen oder Defekte welche durch die Nutzung oder bei der \u00dcbertragung von Computervirus oder Leitungs- oder Systemausfall entstehen, selbst wenn 12668181 Canada Inc. auf die M\u00f6glichkeit solcher Sch\u00e4den, Verluste oder Ausgaben hingewiesen wird. Die Bereitstellung von Software-Algorithmen und Hyperlinks zu anderen Internet-Ressourcen erfolgt auf Ihr eigenes Risiko. Der Inhalt, die Genauigkeit, die ausgedr\u00fcckten Meinungen und andere Links, die von diesen Software-Algorithmen und Ressourcen zur Verf\u00fcgung gestellt werden, werden von 12668181 Canada Inc. nicht untersucht, \u00fcberpr\u00fcft, \u00fcberwacht oder anerkannt.<\/p>\t\t\t\t\t\t\t\t<\/div>\n\t\t\t\t<\/div>\n\t\t\t\t\t<\/div>\n\t\t<\/div>\n\t\t\t\t\t<\/div>\n\t\t<\/section>\n\t\t\t\t<\/div>\n\t\t","protected":false},"excerpt":{"rendered":"<p>Rechtliches Ihre Privatsph\u00e4re ist uns sehr wichtig. Um Ihre Privatsph\u00e4re besser zu sch\u00fctzen, stellt 45 Steps &#8211; The Culinary Beachside Inn diesen Hinweis zur Verf\u00fcgung, der die Online-Informationspraktiken und die Wahlm\u00f6glichkeiten erl\u00e4utert, die Sie hinsichtlich der Art und Weise haben, wie Ihre Daten gesammelt und verwendet werden. Das Hauptziel von 45 Steps &#8211; The Culinary [&hellip;]<\/p>\n","protected":false},"author":2,"featured_media":0,"parent":0,"menu_order":24,"comment_status":"closed","ping_status":"closed","template":"elementor_header_footer","meta":{"footnotes":""},"class_list":["post-4057","page","type-page","status-publish","hentry"],"_links":{"self":[{"href":"https:\/\/45stepsinn.ca\/de\/wp-json\/wp\/v2\/pages\/4057","targetHints":{"allow":["GET"]}}],"collection":[{"href":"https:\/\/45stepsinn.ca\/de\/wp-json\/wp\/v2\/pages"}],"about":[{"href":"https:\/\/45stepsinn.ca\/de\/wp-json\/wp\/v2\/types\/page"}],"author":[{"embeddable":true,"href":"https:\/\/45stepsinn.ca\/de\/wp-json\/wp\/v2\/users\/2"}],"replies":[{"embeddable":true,"href":"https:\/\/45stepsinn.ca\/de\/wp-json\/wp\/v2\/comments?post=4057"}],"version-history":[{"count":16,"href":"https:\/\/45stepsinn.ca\/de\/wp-json\/wp\/v2\/pages\/4057\/revisions"}],"predecessor-version":[{"id":5611,"href":"https:\/\/45stepsinn.ca\/de\/wp-json\/wp\/v2\/pages\/4057\/revisions\/5611"}],"wp:attachment":[{"href":"https:\/\/45stepsinn.ca\/de\/wp-json\/wp\/v2\/media?parent=4057"}],"curies":[{"name":"wp","href":"https:\/\/api.w.org\/{rel}","templated":true}]}}